{"id":368,"date":"2025-02-20T14:31:57","date_gmt":"2025-02-20T14:31:57","guid":{"rendered":"https:\/\/chehadealliance.com\/what-we-do\/"},"modified":"2025-08-29T18:24:28","modified_gmt":"2025-08-29T17:24:28","slug":"nos-services","status":"publish","type":"page","link":"https:\/\/chehadealliance.com\/en\/nos-services\/","title":{"rendered":"Our Services"},"content":{"rendered":"<div class=\"wp-block-uagb-container uagb-block-92f3aa19 alignfull uagb-is-root-container\"><div class=\"uagb-container-inner-blocks-wrap\">\n<div class=\"wp-block-uagb-advanced-heading uagb-block-c7b21669\"><h1 class=\"uagb-heading-text\">Our Services<\/h1><\/div>\n<\/div><\/div>\n\n\n\n<div class=\"wp-block-uagb-container uagb-block-a1aa09d9 alignfull uagb-is-root-container\"><div class=\"uagb-container-inner-blocks-wrap\">\n<h2 class=\"wp-block-heading\"><strong>We provide consultancy and training services tailored to your needs.<\/strong><\/h2>\n\n\n\n<div class=\"wp-block-uagb-separator uagb-block-952a63c4\"><div class=\"wp-block-uagb-separator__inner\" style=\"--my-background-image:\"><\/div><\/div>\n\n\n\n<div class=\"wp-block-uagb-advanced-heading uagb-block-e132ecf7\"><h5 class=\"uagb-heading-text\">Our analyses and training courses are developed without outside influence to ensure an impartial and fact-based perspective.<\/h5><\/div>\n<\/div><\/div>\n\n\n\n<div class=\"wp-block-uagb-container uagb-block-a13ca1bc alignfull uagb-is-root-container\"><div class=\"uagb-container-inner-blocks-wrap\">\n<div class=\"wp-block-uagb-container uagb-block-0733d89a\">\n<div class=\"wp-block-uagb-info-box uagb-block-a687a8a0 uagb-infobox__content-wrap  uagb-infobox-icon-above-title uagb-infobox-image-valign-top\"><div class=\"uagb-ifb-content\"><div class=\"uagb-ifb-title-wrap\"><h3 class=\"uagb-ifb-title\">Accompagnement strat\u00e9gique<\/h3><\/div><p class=\"uagb-ifb-desc\">We work with non-governmental and non-profit organisations, think tanks and educational institutions on issues relating to international relations, geopolitics and human rights.<\/p><div class=\"uagb-ifb-separator\"><\/div><\/div><\/div>\n<\/div>\n\n\n\n<div class=\"wp-block-uagb-container uagb-block-5220d895\">\n<div class=\"wp-block-uagb-info-box uagb-block-7a59cdf4 uagb-infobox__content-wrap  uagb-infobox-icon-above-title uagb-infobox-image-valign-top\"><div class=\"uagb-ifb-content\"><div class=\"uagb-ifb-title-wrap\"><h3 class=\"uagb-ifb-title\"><strong>Analysis &amp; Solutions<\/strong><\/h3><\/div><p class=\"uagb-ifb-desc\">Our analyses are advanced, and our solutions are tailored to each structure.<\/p><div class=\"uagb-ifb-separator\"><\/div><\/div><\/div>\n<\/div>\n\n\n\n<div class=\"wp-block-uagb-container uagb-block-47055e73\">\n<div class=\"wp-block-uagb-info-box uagb-block-873ec991 uagb-infobox__content-wrap  uagb-infobox-icon-above-title uagb-infobox-image-valign-top\"><div class=\"uagb-ifb-content\"><div class=\"uagb-ifb-title-wrap\"><h3 class=\"uagb-ifb-title\">Impact maximization<\/h3><\/div><p class=\"uagb-ifb-desc\">We ensure our partners\u2019 local impact maximization as well as their global one in their projects. <\/p><div class=\"uagb-ifb-separator\"><\/div><\/div><\/div>\n<\/div>\n\n\n\n<div class=\"wp-block-uagb-container uagb-block-61a595c8\">\n<div class=\"wp-block-uagb-info-box uagb-block-26a5224f uagb-infobox__content-wrap  uagb-infobox-icon-above-title uagb-infobox-image-valign-top\"><div class=\"uagb-ifb-content\"><div class=\"uagb-ifb-title-wrap\"><h3 class=\"uagb-ifb-title\">Design &amp; Facilitation<\/h3><\/div><p class=\"uagb-ifb-desc\">We develop and offer training to high schoolers, professionals and organisations. <\/p><div class=\"uagb-ifb-separator\"><\/div><\/div><\/div>\n<\/div>\n\n\n\n<div class=\"wp-block-uagb-container uagb-block-ebb4d437\">\n<div class=\"wp-block-uagb-info-box uagb-block-db4972ff uagb-infobox__content-wrap  uagb-infobox-icon-above-title uagb-infobox-image-valign-top\"><div class=\"uagb-ifb-content\"><div class=\"uagb-ifb-title-wrap\"><h3 class=\"uagb-ifb-title\">Knowledge sharing<\/h3><\/div><p class=\"uagb-ifb-desc\">Nos modules sont con\u00e7us pour transmettre du concret applicable aux enjeux actuels du monde.<\/p><div class=\"uagb-ifb-separator\"><\/div><\/div><\/div>\n<\/div>\n\n\n\n<div class=\"wp-block-uagb-container uagb-block-f6f567bd\">\n<div class=\"wp-block-uagb-info-box uagb-block-2ef4d375 uagb-infobox__content-wrap  uagb-infobox-icon-above-title uagb-infobox-image-valign-top\"><div class=\"uagb-ifb-content\"><div class=\"uagb-ifb-title-wrap\"><h3 class=\"uagb-ifb-title\">Awareness-raising<\/h3><\/div><p class=\"uagb-ifb-desc\">Nous garantissons la sensibilisation \u00e0 nos apprenants pour devenir des citoyens conscients et engag\u00e9s. <\/p><div class=\"uagb-ifb-separator\"><\/div><\/div><\/div>\n<\/div>\n<\/div><\/div>\n\n\n\n<div class=\"wp-block-uagb-container uagb-block-c8f2cf41 alignfull uagb-is-root-container\"><div class=\"uagb-container-inner-blocks-wrap\">\n<div class=\"wp-block-uagb-advanced-heading uagb-block-fccfbf18\"><h2 class=\"uagb-heading-text\">Current Training<\/h2><div class=\"uagb-separator\"><\/div><\/div>\n<\/div><\/div>\n\n\n\n<div class=\"wp-block-uagb-container uagb-block-d9ef2b6f alignfull uagb-is-root-container\"><div class=\"uagb-container-inner-blocks-wrap\">\n<div class=\"wp-block-uagb-image uagb-block-81d08227 wp-block-uagb-image--layout-default wp-block-uagb-image--effect-static wp-block-uagb-image--align-none\"><figure class=\"wp-block-uagb-image__figure\"><img decoding=\"async\" srcset=\"https:\/\/chehadealliance.com\/wp-content\/uploads\/2025\/06\/danielle-claude-belanger-YyRXtvcF5Q0-unsplash-683x1024.jpg ,https:\/\/chehadealliance.com\/wp-content\/uploads\/2025\/06\/danielle-claude-belanger-YyRXtvcF5Q0-unsplash-scaled.jpg 780w, https:\/\/chehadealliance.com\/wp-content\/uploads\/2025\/06\/danielle-claude-belanger-YyRXtvcF5Q0-unsplash-scaled.jpg 360w\" sizes=\"auto, (max-width: 480px) 150px\" src=\"https:\/\/chehadealliance.com\/wp-content\/uploads\/2025\/06\/danielle-claude-belanger-YyRXtvcF5Q0-unsplash-683x1024.jpg\" alt=\"\" class=\"uag-image-897\" width=\"400\" height=\"520\" title=\"danielle-claude-belanger-YyRXtvcF5Q0-unsplash\" loading=\"lazy\" role=\"img\"\/><\/figure><\/div>\n\n\n\n<div class=\"wp-block-uagb-advanced-heading uagb-block-1d2b29cd\"><h3 class=\"uagb-heading-text\">Child\u2019s rights: What are my rights? How should I protect them?<\/h3><div class=\"uagb-separator\"><\/div><\/div>\n\n\n\n<div class=\"wp-block-uagb-advanced-heading uagb-block-023628b3\"><p class=\"uagb-desc-text\">Plus de 30 ans apr\u00e8s l\u2019introduction de la convention relative aux droits de l\u2019enfant, la plupart des jeunes ne connaissent pas enti\u00e8rement leurs droits. Bien que les lois obligent les gouvernements, les institutions, les parents et tuteurs \u00e0 informer et \u00e0 \u00e9duquer les enfants sur leurs droits, beaucoup d\u2019entre eux \u00e9chouent \u00e0 le faire.<br>The aim of this training course is to acquaint participants with human rights and more specifically with children\u2019s rights so they can acquire the knowledge they need to identify their freedoms and the appropriate tools to protect themselves with and defend their rights.<\/p><\/div>\n<\/div><\/div>\n\n\n\n<div class=\"wp-block-uagb-container uagb-block-e82debc1 alignfull uagb-is-root-container\"><div class=\"uagb-container-inner-blocks-wrap\">\n<div class=\"wp-block-uagb-advanced-heading uagb-block-f81670e2\"><h3 class=\"uagb-heading-text\">Discover, Understand, Act: Geopolitics for the citizens of tomorrow<\/h3><div class=\"uagb-separator\"><\/div><\/div>\n\n\n\n<div class=\"wp-block-uagb-advanced-heading uagb-block-8924cbaa\"><p class=\"uagb-desc-text\">Today\u2019s complex world urges us to equip young people as early as possible with the skills they need to understand current state dynamics. By learning about geopolitical issues, young people can define their own views independently without external influence.<br>The aim of this training course is to introduce participants to the basis of geopolitics so that they can identify current issues and dynamics and their impact on our daily lives while also developing their critical thinking skills.<\/p><\/div>\n\n\n\n<div class=\"wp-block-uagb-image uagb-block-1006948d wp-block-uagb-image--layout-default wp-block-uagb-image--effect-static wp-block-uagb-image--align-none\"><figure class=\"wp-block-uagb-image__figure\"><img decoding=\"async\" srcset=\"https:\/\/chehadealliance.com\/wp-content\/uploads\/2025\/08\/paulo-cristovam-3BdKAOQl_c4-unsplash-Copy-949x1024.jpg ,https:\/\/chehadealliance.com\/wp-content\/uploads\/2025\/08\/paulo-cristovam-3BdKAOQl_c4-unsplash-Copy-scaled.jpg 780w, https:\/\/chehadealliance.com\/wp-content\/uploads\/2025\/08\/paulo-cristovam-3BdKAOQl_c4-unsplash-Copy-scaled.jpg 360w\" sizes=\"auto, (max-width: 480px) 150px\" src=\"https:\/\/chehadealliance.com\/wp-content\/uploads\/2025\/08\/paulo-cristovam-3BdKAOQl_c4-unsplash-Copy-949x1024.jpg\" alt=\"\" class=\"uag-image-1120\" width=\"430\" height=\"500\" title=\"paulo-cristovam-3BdKAOQl_c4-unsplash - Copy\" loading=\"lazy\" role=\"img\"\/><\/figure><\/div>\n<\/div><\/div>\n\n\n\n<div class=\"wp-block-uagb-container uagb-block-39e2af3e alignfull uagb-is-root-container\"><div class=\"uagb-container-inner-blocks-wrap\">\n<div class=\"wp-block-uagb-image uagb-block-35a2e8a0 wp-block-uagb-image--layout-default wp-block-uagb-image--effect-static wp-block-uagb-image--align-none\"><figure class=\"wp-block-uagb-image__figure\"><img decoding=\"async\" srcset=\"https:\/\/chehadealliance.com\/wp-content\/uploads\/2025\/08\/the-jopwell-collection-KqcKFgbtgZ4-unsplash-Copy-1-907x1024.jpg ,https:\/\/chehadealliance.com\/wp-content\/uploads\/2025\/08\/the-jopwell-collection-KqcKFgbtgZ4-unsplash-Copy-1-scaled.jpg 780w, https:\/\/chehadealliance.com\/wp-content\/uploads\/2025\/08\/the-jopwell-collection-KqcKFgbtgZ4-unsplash-Copy-1-scaled.jpg 360w\" sizes=\"auto, (max-width: 480px) 150px\" src=\"https:\/\/chehadealliance.com\/wp-content\/uploads\/2025\/08\/the-jopwell-collection-KqcKFgbtgZ4-unsplash-Copy-1-907x1024.jpg\" alt=\"\" class=\"uag-image-1117\" width=\"430\" height=\"500\" title=\"the-jopwell-collection-KqcKFgbtgZ4-unsplash - Copy\" loading=\"lazy\" role=\"img\"\/><\/figure><\/div>\n\n\n\n<div class=\"wp-block-uagb-advanced-heading uagb-block-c2737b84\"><h3 class=\"uagb-heading-text\">Diplomacy at Work: Mediation for peace<\/h3><div class=\"uagb-separator\"><\/div><\/div>\n\n\n\n<div class=\"wp-block-uagb-advanced-heading uagb-block-8f5e1c01\"><p class=\"uagb-desc-text\">Mediation is the art of finding long-term solutions and common ground between parties by using persuasion and maintaining neutrality. It takes a great deal of effort to succeed as a mediator. However, if a person can identify the key aspects of an all-round mediator, half the work is already done. <br>The aim of this training course is to equip participants with the ideal mediator\u2019s core. Using case studies will encourage mediators in training to experiment with this tool in order to learn about the hurdles of mediation and how to overcome them. <\/p><\/div>\n<\/div><\/div>\n\n\n\n<div class=\"wp-block-uagb-container uagb-block-5f6e0761 alignfull uagb-is-root-container\"><div class=\"uagb-container-inner-blocks-wrap\">\n<div class=\"wp-block-uagb-container uagb-block-f4e14cab\">\n<div class=\"wp-block-buttons is-horizontal is-content-justification-center is-layout-flex wp-container-core-buttons-is-layout-03627597 wp-block-buttons-is-layout-flex\">\n<div class=\"wp-block-button has-custom-width wp-block-button__width-75\"><a class=\"wp-block-button__link wp-element-button\" href=\"\/en\/demande-dun-devis-de-consulting\/\">Request a consultancy quote<\/a><\/div>\n<\/div>\n\n\n\n<div class=\"wp-block-buttons is-content-justification-center is-layout-flex wp-container-core-buttons-is-layout-a89b3969 wp-block-buttons-is-layout-flex\">\n<div class=\"wp-block-button has-custom-width wp-block-button__width-75\"><a class=\"wp-block-button__link wp-element-button\" href=\"\/en\/demande-dun-devis-de-formation\/\">Request a training quote<\/a><\/div>\n<\/div>\n<\/div>\n\n\n\n<div class=\"wp-block-uagb-container uagb-block-17f8b4ee\">\n<h2 class=\"wp-block-heading has-text-align-center\"><a href=\"https:\/\/chehadealliance.com\/en\/contactez-nous\/\" data-type=\"page\" data-id=\"370\">Find out more about a training<\/a><\/h2>\n<\/div>\n<\/div><\/div>\n\n\n\n<div class=\"wp-block-uagb-icon-list uagb-block-528960a4\"><div class=\"uagb-icon-list__wrap\">\n<div class=\"wp-block-uagb-icon-list-child uagb-block-e3f4903d\"><span class=\"uagb-icon-list__source-wrap\"><svg xmlns=\"https:\/\/www.w3.org\/2000\/svg\" viewbox=\"0 0 512 512\"><path d=\"M256 0C114.6 0 0 114.6 0 256s114.6 256 256 256s256-114.6 256-256S397.4 0 256 0zM232 152C232 138.8 242.8 128 256 128s24 10.75 24 24v128c0 13.25-10.75 24-24 24S232 293.3 232 280V152zM256 400c-17.36 0-31.44-14.08-31.44-31.44c0-17.36 14.07-31.44 31.44-31.44s31.44 14.08 31.44 31.44C287.4 385.9 273.4 400 256 400z\"><\/path><\/svg><\/span><span class=\"uagb-icon-list__label\"><em>Advanced training is available for professionals. <\/em><\/span><\/div>\n\n\n\n<div class=\"wp-block-uagb-icon-list-child uagb-block-2a31b20b\"><span class=\"uagb-icon-list__source-wrap\"><svg xmlns=\"https:\/\/www.w3.org\/2000\/svg\" viewbox=\"0 0 512 512\"><path d=\"M256 0C114.6 0 0 114.6 0 256s114.6 256 256 256s256-114.6 256-256S397.4 0 256 0zM232 152C232 138.8 242.8 128 256 128s24 10.75 24 24v128c0 13.25-10.75 24-24 24S232 293.3 232 280V152zM256 400c-17.36 0-31.44-14.08-31.44-31.44c0-17.36 14.07-31.44 31.44-31.44s31.44 14.08 31.44 31.44C287.4 385.9 273.4 400 256 400z\"><\/path><\/svg><\/span><span class=\"uagb-icon-list__label\"><em>Training courses tackling human rights and gender equality in the workplace are available for professionals and companies.<\/em><\/span><\/div>\n\n\n\n<div class=\"wp-block-uagb-icon-list-child uagb-block-d6509abe\"><span class=\"uagb-icon-list__source-wrap\"><svg xmlns=\"https:\/\/www.w3.org\/2000\/svg\" viewbox=\"0 0 512 512\"><path d=\"M256 0C114.6 0 0 114.6 0 256s114.6 256 256 256s256-114.6 256-256S397.4 0 256 0zM232 152C232 138.8 242.8 128 256 128s24 10.75 24 24v128c0 13.25-10.75 24-24 24S232 293.3 232 280V152zM256 400c-17.36 0-31.44-14.08-31.44-31.44c0-17.36 14.07-31.44 31.44-31.44s31.44 14.08 31.44 31.44C287.4 385.9 273.4 400 256 400z\"><\/path><\/svg><\/span><span class=\"uagb-icon-list__label\"><em>All training courses are available in English, French and Arabic. <\/em><\/span><\/div>\n<\/div><\/div>","protected":false},"excerpt":{"rendered":"<p>Nos services Nous proposons des services de consulting et de formation sur mesure. Nos analyses et nos formations sont d\u00e9velopp\u00e9es de mani\u00e8re autonome, sans influence ext\u00e9rieure, afin d\u2019assurer une vision impartiale et factuelle. Nos formations actuelles Droits de l\u2019Enfant : Quels sont mes droits ? Comment dois-je les prot\u00e9ger ? Plus de 30 ans apr\u00e8s [&hellip;]<\/p>","protected":false},"author":1,"featured_media":0,"parent":0,"menu_order":0,"comment_status":"closed","ping_status":"closed","template":"","meta":{"_uag_custom_page_level_css":"","site-sidebar-layout":"no-sidebar","site-content-layout":"page-builder","ast-site-content-layout":"full-width-container","site-content-style":"unboxed","site-sidebar-style":"unboxed","ast-global-header-display":"","ast-banner-title-visibility":"","ast-main-header-display":"","ast-hfb-above-header-display":"","ast-hfb-below-header-display":"","ast-hfb-mobile-header-display":"","site-post-title":"disabled","ast-breadcrumbs-content":"","ast-featured-img":"disabled","footer-sml-layout":"","theme-transparent-header-meta":"enabled","adv-header-id-meta":"","stick-header-meta":"","header-above-stick-meta":"","header-main-stick-meta":"","header-below-stick-meta":"","astra-migrate-meta-layouts":"set","ast-page-background-enabled":"default","ast-page-background-meta":{"desktop":{"background-color":"var(--ast-global-color-4)","background-image":"","background-repeat":"repeat","background-position":"center center","background-size":"auto","background-attachment":"scroll","background-type":"","background-media":"","overlay-type":"","overlay-color":"","overlay-opacity":"","overlay-gradient":""},"tablet":{"background-color":"","background-image":"","background-repeat":"repeat","background-position":"center center","background-size":"auto","background-attachment":"scroll","background-type":"","background-media":"","overlay-type":"","overlay-color":"","overlay-opacity":"","overlay-gradient":""},"mobile":{"background-color":"","background-image":"","background-repeat":"repeat","background-position":"center center","background-size":"auto","background-attachment":"scroll","background-type":"","background-media":"","overlay-type":"","overlay-color":"","overlay-opacity":"","overlay-gradient":""}},"ast-content-background-meta":{"desktop":{"background-color":"var(--ast-global-color-5)","background-image":"","background-repeat":"repeat","background-position":"center center","background-size":"auto","background-attachment":"scroll","background-type":"","background-media":"","overlay-type":"","overlay-color":"","overlay-opacity":"","overlay-gradient":""},"tablet":{"background-color":"var(--ast-global-color-5)","background-image":"","background-repeat":"repeat","background-position":"center center","background-size":"auto","background-attachment":"scroll","background-type":"","background-media":"","overlay-type":"","overlay-color":"","overlay-opacity":"","overlay-gradient":""},"mobile":{"background-color":"var(--ast-global-color-5)","background-image":"","background-repeat":"repeat","background-position":"center center","background-size":"auto","background-attachment":"scroll","background-type":"","background-media":"","overlay-type":"","overlay-color":"","overlay-opacity":"","overlay-gradient":""}},"footnotes":"[]"},"class_list":["post-368","page","type-page","status-publish","hentry"],"uagb_featured_image_src":{"full":false,"thumbnail":false,"medium":false,"medium_large":false,"large":false,"1536x1536":false,"2048x2048":false,"trp-custom-language-flag":false},"uagb_author_info":{"display_name":"El Hoda Chehade","author_link":"https:\/\/chehadealliance.com\/en\/author\/el-hoda-chehadegmail-com\/"},"uagb_comment_info":0,"uagb_excerpt":"Nos services Nous proposons des services de consulting et de formation sur mesure. Nos analyses et nos formations sont d\u00e9velopp\u00e9es de mani\u00e8re autonome, sans influence ext\u00e9rieure, afin d\u2019assurer une vision impartiale et factuelle. Nos formations actuelles Droits de l\u2019Enfant : Quels sont mes droits ? Comment dois-je les prot\u00e9ger ? Plus de 30 ans apr\u00e8s&hellip;","_links":{"self":[{"href":"https:\/\/chehadealliance.com\/en\/wp-json\/wp\/v2\/pages\/368","targetHints":{"allow":["GET"]}}],"collection":[{"href":"https:\/\/chehadealliance.com\/en\/wp-json\/wp\/v2\/pages"}],"about":[{"href":"https:\/\/chehadealliance.com\/en\/wp-json\/wp\/v2\/types\/page"}],"author":[{"embeddable":true,"href":"https:\/\/chehadealliance.com\/en\/wp-json\/wp\/v2\/users\/1"}],"replies":[{"embeddable":true,"href":"https:\/\/chehadealliance.com\/en\/wp-json\/wp\/v2\/comments?post=368"}],"version-history":[{"count":51,"href":"https:\/\/chehadealliance.com\/en\/wp-json\/wp\/v2\/pages\/368\/revisions"}],"predecessor-version":[{"id":1229,"href":"https:\/\/chehadealliance.com\/en\/wp-json\/wp\/v2\/pages\/368\/revisions\/1229"}],"wp:attachment":[{"href":"https:\/\/chehadealliance.com\/en\/wp-json\/wp\/v2\/media?parent=368"}],"curies":[{"name":"wp","href":"https:\/\/api.w.org\/{rel}","templated":true}]}}