{"id":366,"date":"2025-02-20T14:31:57","date_gmt":"2025-02-20T14:31:57","guid":{"rendered":"https:\/\/chehadealliance.com\/about\/"},"modified":"2025-08-31T15:05:51","modified_gmt":"2025-08-31T14:05:51","slug":"qui-sommes-nous","status":"publish","type":"page","link":"https:\/\/chehadealliance.com\/en\/qui-sommes-nous\/","title":{"rendered":"Who We Are"},"content":{"rendered":"<div class=\"wp-block-uagb-container uagb-block-c44d4222 alignfull uagb-is-root-container\"><div class=\"uagb-container-inner-blocks-wrap\">\n<div class=\"wp-block-uagb-advanced-heading uagb-block-59e8c2b5\"><h1 class=\"uagb-heading-text\">Who We Are<\/h1><\/div>\n<\/div><\/div>\n\n\n\n<div class=\"wp-block-uagb-container uagb-block-881d64b2 alignfull uagb-is-root-container\"><div class=\"uagb-container-inner-blocks-wrap\">\n<div class=\"wp-block-uagb-advanced-heading uagb-block-a75a3ac7\"><h2 class=\"uagb-heading-text\">Chehade Alliance<\/h2><\/div>\n\n\n\n<div class=\"wp-block-uagb-separator uagb-block-519f7c3c\"><div class=\"wp-block-uagb-separator__inner\" style=\"--my-background-image:\"><\/div><\/div>\n\n\n\n<div class=\"wp-block-uagb-container uagb-block-0fe98f63\">\n<div class=\"wp-block-uagb-advanced-heading uagb-block-def40c29\"><h5 class=\"uagb-heading-text\"><em>Chehade Alliance<\/em> is first and foremost the expertise and commitment of El Hoda Chehade, entrepreneur, consultant, analyst and trainer in geopolitics and human rights. <\/h5><\/div>\n\n\n\n<div class=\"wp-block-uagb-advanced-heading uagb-block-2afafc60\"><p class=\"uagb-heading-text\">El Hoda Chehade holds a degree in <strong>International Affairs and Diplomacy<\/strong> de Notre Dame University Louaize au Liban et d&rsquo;un master en <strong>International Relations and Security and Defence Policy<\/strong> de l&rsquo;Universit\u00e9 Toulouse 1 Capitole en France, El Hoda CHEHADE propose des services de consulting et de formation, principalement destin\u00e9s aux organisations non-gouvernementales, think tanks, entreprises, associations et \u00e9tablissements scolaires.<\/p><p class=\"uagb-desc-text\">Our mission is to reinforce geopolitical and human rights issues\u2019 understanding by accompanying non-governmental and non-profit organisations, <em>think tanks,<\/em>and educational institutions. We believe in a strategic and educational approach to equip tomorrow\u2019s leaders with the tools for a more just and enlightened world.<\/p><\/div>\n<\/div>\n\n\n\t\t\t\t\t<div\n\t\t\t\t\t\tclass=\"wp-block-uagb-image-gallery uagb-block-ee3f463b\"\n\t\t\t\t\t\tstyle=\"\"\n\t\t\t\t\t>\n\t\t\t\t\t\t\t\t\t\t\t<div class=\"spectra-image-gallery spectra-image-gallery__layout--carousel\">\n\t\t\t\t\t\t\t\t<div class=\"uagb-slick-carousel uagb-block-ee3f463b\">\n\t\t\t\t\t\t\t\t\t\t\t\t<div class='spectra-image-gallery__media-wrapper' data-spectra-gallery-image-id='1020'>\n\t\t\t\t\t\t\t<div class=\"spectra-image-gallery__media spectra-image-gallery__media--carousel\">\n\t\t\t\t<picture>\n\t\t\t\t\t<source media=\"(min-width: 1024px)\" srcset=\"https:\/\/chehadealliance.com\/wp-content\/uploads\/2025\/08\/danielle-claude-belanger-IA3SGmmIjq0-unsplash-1024x683.jpg\">\n\t\t\t\t\t<source media=\"(min-width: 768px)\" srcset=\"https:\/\/chehadealliance.com\/wp-content\/uploads\/2025\/08\/danielle-claude-belanger-IA3SGmmIjq0-unsplash-1024x683.jpg\">\n\t\t\t\t\t<img decoding=\"async\" class=\"spectra-image-gallery__media-thumbnail spectra-image-gallery__media-thumbnail--carousel\" src=\"https:\/\/chehadealliance.com\/wp-content\/uploads\/2025\/08\/danielle-claude-belanger-IA3SGmmIjq0-unsplash-1024x683.jpg\" alt=\"\" loading=\"lazy\" \/>\n\t\t\t\t<\/picture>\n\t\t\t\t<div class=\"spectra-image-gallery__media-thumbnail-blurrer\"><\/div>\n\t\t\t\t\t\t\t\t\t\t\t<div class=\"spectra-image-gallery__media-thumbnail-caption-wrapper spectra-image-gallery__media-thumbnail-caption-wrapper--overlay\"><\/div>\n\t\t\t\t\t\t\t\t<\/div>\n\t\t\t\t\t\t<\/div>\n\t\t\t\t\t\t<div class='spectra-image-gallery__media-wrapper' data-spectra-gallery-image-id='1021'>\n\t\t\t\t\t\t\t<div class=\"spectra-image-gallery__media spectra-image-gallery__media--carousel\">\n\t\t\t\t<picture>\n\t\t\t\t\t<source media=\"(min-width: 1024px)\" srcset=\"https:\/\/chehadealliance.com\/wp-content\/uploads\/2025\/08\/fortytwo-MDu-53qRVr4-unsplash-1024x684.jpg\">\n\t\t\t\t\t<source media=\"(min-width: 768px)\" srcset=\"https:\/\/chehadealliance.com\/wp-content\/uploads\/2025\/08\/fortytwo-MDu-53qRVr4-unsplash-1024x684.jpg\">\n\t\t\t\t\t<img decoding=\"async\" class=\"spectra-image-gallery__media-thumbnail spectra-image-gallery__media-thumbnail--carousel\" src=\"https:\/\/chehadealliance.com\/wp-content\/uploads\/2025\/08\/fortytwo-MDu-53qRVr4-unsplash-1024x684.jpg\" alt=\"\" loading=\"lazy\" \/>\n\t\t\t\t<\/picture>\n\t\t\t\t<div class=\"spectra-image-gallery__media-thumbnail-blurrer\"><\/div>\n\t\t\t\t\t\t\t\t\t\t\t<div class=\"spectra-image-gallery__media-thumbnail-caption-wrapper spectra-image-gallery__media-thumbnail-caption-wrapper--overlay\"><\/div>\n\t\t\t\t\t\t\t\t<\/div>\n\t\t\t\t\t\t<\/div>\n\t\t\t\t\t\t<div class='spectra-image-gallery__media-wrapper' data-spectra-gallery-image-id='1107'>\n\t\t\t\t\t\t\t<div class=\"spectra-image-gallery__media spectra-image-gallery__media--carousel\">\n\t\t\t\t<picture>\n\t\t\t\t\t<source media=\"(min-width: 1024px)\" srcset=\"https:\/\/chehadealliance.com\/wp-content\/uploads\/2025\/08\/brooke-cagle-g1Kr4Ozfoac-unsplash-1024x683.jpg\">\n\t\t\t\t\t<source media=\"(min-width: 768px)\" srcset=\"https:\/\/chehadealliance.com\/wp-content\/uploads\/2025\/08\/brooke-cagle-g1Kr4Ozfoac-unsplash-1024x683.jpg\">\n\t\t\t\t\t<img decoding=\"async\" class=\"spectra-image-gallery__media-thumbnail spectra-image-gallery__media-thumbnail--carousel\" src=\"https:\/\/chehadealliance.com\/wp-content\/uploads\/2025\/08\/brooke-cagle-g1Kr4Ozfoac-unsplash-1024x683.jpg\" alt=\"\" loading=\"lazy\" \/>\n\t\t\t\t<\/picture>\n\t\t\t\t<div class=\"spectra-image-gallery__media-thumbnail-blurrer\"><\/div>\n\t\t\t\t\t\t\t\t\t\t\t<div class=\"spectra-image-gallery__media-thumbnail-caption-wrapper spectra-image-gallery__media-thumbnail-caption-wrapper--overlay\"><\/div>\n\t\t\t\t\t\t\t\t<\/div>\n\t\t\t\t\t\t<\/div>\n\t\t\t\t\t\t\t\t\t\t\t<\/div>\n\t\t\t\t\t\t\t<\/div>\n\t\t\t\t\t\t\t\t\t\t\t<\/div>\n\t\t\t\t\t\t\t\t\t<\/div><\/div>\n\n\n\n<div class=\"wp-block-uagb-container uagb-block-a8aa2beb alignfull uagb-is-root-container\"><div class=\"uagb-container-inner-blocks-wrap\">\n<div class=\"wp-block-uagb-advanced-heading uagb-block-aea48f87\"><h2 class=\"uagb-heading-text\">Our Values<\/h2><\/div>\n\n\n\n<ul class=\"wp-block-list\">\n<li>Commitment: We accompany with seriousness and determination non-governmental and non-profit organisations, think tanks, companies and educational institutions because we believe in a just and equal world.<\/li>\n\n\n\n<li>Knowledge transfer: We share our knowledge to equip and inform young people and professionals about international issues.<\/li>\n\n\n\n<li>Excellence: We guarantee a targeted and accessible approach by tailoring each consultancy project and each training with thoroughness and expertise.<\/li>\n\n\n\n<li>Ethics: We place human rights and social responsibility at the heart of our actions to promote respectful and durable practises.<\/li>\n<\/ul>\n<\/div><\/div>\n\n\n\n<div class=\"wp-block-uagb-container uagb-block-0285c191 alignfull uagb-is-root-container\"><div class=\"uagb-container-inner-blocks-wrap\">\n<div class=\"wp-block-uagb-advanced-heading uagb-block-a4dd947d\"><h5 class=\"uagb-heading-text\"><em>\"Education is the most powerful weapon which you can use to change the world\"<\/em> <\/h5><\/div>\n\n\n\n<div class=\"wp-block-uagb-advanced-heading uagb-block-56b53e33\"><h5 class=\"uagb-heading-text\">\u2013 Nelson Mandela<\/h5><\/div>\n<\/div><\/div>\n\n\n\n<div class=\"wp-block-uagb-container uagb-block-57a5ebd4 alignfull uagb-is-root-container\"><div class=\"uagb-container-inner-blocks-wrap\">\n<div class=\"wp-block-uagb-advanced-heading uagb-block-c0f3080b\"><h2 class=\"uagb-heading-text\">Our Vision<\/h2><\/div>\n\n\n\n<div class=\"wp-block-uagb-separator uagb-block-b397042e\"><div class=\"wp-block-uagb-separator__inner\" style=\"--my-background-image:\"><\/div><\/div>\n\n\n\n<div class=\"wp-block-uagb-container uagb-block-f58e6193\">\n<div class=\"wp-block-uagb-info-box uagb-block-cf7ad14c uagb-infobox__content-wrap  uagb-infobox-icon-above-title uagb-infobox-image-valign-top\"><div class=\"uagb-ifb-content\"><div class=\"uagb-ifb-title-wrap\"><h6 class=\"uagb-ifb-title-prefix\"><strong>Consultancy services<\/strong><\/h6><h5 class=\"uagb-ifb-title\">We adopt a strategic and personalised approach to accompany non-governmental and non-profit organisations, think tanks, companies and educational institutions in their projects:<\/h5><\/div><p class=\"uagb-ifb-desc\">Listening and diagnosis: An in-depth analysis of the specific challenges faced by each structure, so we can offer tailored solutions. <br><br>Tailored advice: A combined expertise in international relations, geopolitics and human rights to implementable recommendations. <br><br>Monitoring and follow-up: long-term support with continuous fine tuning based on needs and changing circumstances. <\/p><\/div><\/div>\n\n\n\n<div class=\"wp-block-uagb-info-box uagb-block-5ada736d uagb-infobox__content-wrap  uagb-infobox-icon-above-title uagb-infobox-image-valign-top\"><div class=\"uagb-ifb-content\"><div class=\"uagb-ifb-title-wrap\"><h6 class=\"uagb-ifb-title-prefix\"><strong><strong>Training services<\/strong><\/strong><\/h6><h5 class=\"uagb-ifb-title\">Our training courses are designed to be interactive, impactful and adjustable for both young people and professionals.<\/h5><\/div><p class=\"uagb-ifb-desc\">Interactive teaching: Participative methods based on case studies, role playing and discussions to encourage learning. <br><br>Accessible and accurate content: Training that balances precision and high standards, developed with a modern and scientific outlook. <br><br>Autonomy and engagement: The aim is to give learners the tools they need to become aware and committed actors in their own journey. <\/p><\/div><\/div>\n<\/div>\n<\/div><\/div>","protected":false},"excerpt":{"rendered":"<p>Qui sommes-nous Chehade Alliance Chehade Alliance c&rsquo;est avant tout l&rsquo;expertise et l&rsquo;engagement de El Hoda CHEHADE, entrepreneure, consultante, analyste et formatrice en g\u00e9opolitique et droits humains. Diplom\u00e9e d&rsquo;une licence en Affaires internationales et diplomatie de Notre Dame University Louaize au Liban et d&rsquo;un master en Relations internationales et politiques de s\u00e9curit\u00e9 et de d\u00e9fense de [&hellip;]<\/p>","protected":false},"author":1,"featured_media":0,"parent":0,"menu_order":0,"comment_status":"closed","ping_status":"closed","template":"","meta":{"_uag_custom_page_level_css":"","site-sidebar-layout":"no-sidebar","site-content-layout":"page-builder","ast-site-content-layout":"full-width-container","site-content-style":"unboxed","site-sidebar-style":"unboxed","ast-global-header-display":"","ast-banner-title-visibility":"","ast-main-header-display":"","ast-hfb-above-header-display":"","ast-hfb-below-header-display":"","ast-hfb-mobile-header-display":"","site-post-title":"disabled","ast-breadcrumbs-content":"","ast-featured-img":"disabled","footer-sml-layout":"","theme-transparent-header-meta":"enabled","adv-header-id-meta":"","stick-header-meta":"","header-above-stick-meta":"","header-main-stick-meta":"","header-below-stick-meta":"","astra-migrate-meta-layouts":"set","ast-page-background-enabled":"default","ast-page-background-meta":{"desktop":{"background-color":"var(--ast-global-color-4)","background-image":"","background-repeat":"repeat","background-position":"center center","background-size":"auto","background-attachment":"scroll","background-type":"","background-media":"","overlay-type":"","overlay-color":"","overlay-opacity":"","overlay-gradient":""},"tablet":{"background-color":"","background-image":"","background-repeat":"repeat","background-position":"center center","background-size":"auto","background-attachment":"scroll","background-type":"","background-media":"","overlay-type":"","overlay-color":"","overlay-opacity":"","overlay-gradient":""},"mobile":{"background-color":"","background-image":"","background-repeat":"repeat","background-position":"center center","background-size":"auto","background-attachment":"scroll","background-type":"","background-media":"","overlay-type":"","overlay-color":"","overlay-opacity":"","overlay-gradient":""}},"ast-content-background-meta":{"desktop":{"background-color":"var(--ast-global-color-5)","background-image":"","background-repeat":"repeat","background-position":"center center","background-size":"auto","background-attachment":"scroll","background-type":"","background-media":"","overlay-type":"","overlay-color":"","overlay-opacity":"","overlay-gradient":""},"tablet":{"background-color":"var(--ast-global-color-5)","background-image":"","background-repeat":"repeat","background-position":"center center","background-size":"auto","background-attachment":"scroll","background-type":"","background-media":"","overlay-type":"","overlay-color":"","overlay-opacity":"","overlay-gradient":""},"mobile":{"background-color":"var(--ast-global-color-5)","background-image":"","background-repeat":"repeat","background-position":"center center","background-size":"auto","background-attachment":"scroll","background-type":"","background-media":"","overlay-type":"","overlay-color":"","overlay-opacity":"","overlay-gradient":""}},"footnotes":""},"class_list":["post-366","page","type-page","status-publish","hentry"],"uagb_featured_image_src":{"full":false,"thumbnail":false,"medium":false,"medium_large":false,"large":false,"1536x1536":false,"2048x2048":false,"trp-custom-language-flag":false},"uagb_author_info":{"display_name":"El Hoda Chehade","author_link":"https:\/\/chehadealliance.com\/en\/author\/el-hoda-chehadegmail-com\/"},"uagb_comment_info":0,"uagb_excerpt":"Qui sommes-nous Chehade Alliance Chehade Alliance c&rsquo;est avant tout l&rsquo;expertise et l&rsquo;engagement de El Hoda CHEHADE, entrepreneure, consultante, analyste et formatrice en g\u00e9opolitique et droits humains. Diplom\u00e9e d&rsquo;une licence en Affaires internationales et diplomatie de Notre Dame University Louaize au Liban et d&rsquo;un master en Relations internationales et politiques de s\u00e9curit\u00e9 et de d\u00e9fense de&hellip;","_links":{"self":[{"href":"https:\/\/chehadealliance.com\/en\/wp-json\/wp\/v2\/pages\/366","targetHints":{"allow":["GET"]}}],"collection":[{"href":"https:\/\/chehadealliance.com\/en\/wp-json\/wp\/v2\/pages"}],"about":[{"href":"https:\/\/chehadealliance.com\/en\/wp-json\/wp\/v2\/types\/page"}],"author":[{"embeddable":true,"href":"https:\/\/chehadealliance.com\/en\/wp-json\/wp\/v2\/users\/1"}],"replies":[{"embeddable":true,"href":"https:\/\/chehadealliance.com\/en\/wp-json\/wp\/v2\/comments?post=366"}],"version-history":[{"count":39,"href":"https:\/\/chehadealliance.com\/en\/wp-json\/wp\/v2\/pages\/366\/revisions"}],"predecessor-version":[{"id":1297,"href":"https:\/\/chehadealliance.com\/en\/wp-json\/wp\/v2\/pages\/366\/revisions\/1297"}],"wp:attachment":[{"href":"https:\/\/chehadealliance.com\/en\/wp-json\/wp\/v2\/media?parent=366"}],"curies":[{"name":"wp","href":"https:\/\/api.w.org\/{rel}","templated":true}]}}