{"id":1174,"date":"2025-08-20T22:13:01","date_gmt":"2025-08-20T21:13:01","guid":{"rendered":"https:\/\/chehadealliance.com\/?page_id=1174"},"modified":"2025-08-21T10:09:05","modified_gmt":"2025-08-21T09:09:05","slug":"demande-dun-devis-de-formation","status":"publish","type":"page","link":"https:\/\/chehadealliance.com\/en\/demande-dun-devis-de-formation\/","title":{"rendered":"A training quote request"},"content":{"rendered":"<p>Kindly fill out this form with the necessary information in order to answer your expectations correctly. We will get back to you via email (<a href=\"mailto:el.hoda.chehade@gmail.com\">el.hoda.chehade@gmail.com<\/a>) as quickly as possible with a quote!<\/p>\n\n\n\n<p><strong>NB:<\/strong>&nbsp;We're only collecting email addresses in order to send you back our answers.&nbsp;<\/p>\n\n\n<div class=\"wpforms-container wpforms-block wpforms-block-b4c51732-b933-4738-b628-15234368e039\" id=\"wpforms-1168\"><form id=\"wpforms-form-1168\" class=\"wpforms-validate wpforms-form wpforms-ajax-form\" data-formid=\"1168\" method=\"post\" enctype=\"multipart\/form-data\" action=\"\/en\/wp-json\/wp\/v2\/pages\/1174\" data-token=\"86c0e8580c1c435d0a5d24c4f484f85c\" data-token-time=\"1776368062\" data-trp-original-action=\"\/en\/wp-json\/wp\/v2\/pages\/1174\"><noscript class=\"wpforms-error-noscript\">Please enable JavaScript in your browser to complete this form.<\/noscript><div class=\"wpforms-field-container\"><div id=\"wpforms-1168-field_1-container\" class=\"wpforms-field wpforms-field-textarea\" data-field-id=\"1\"><label class=\"wpforms-field-label\" for=\"wpforms-1168-field_1\">A brief description of your request <span class=\"wpforms-required-label\">*<\/span><\/label><textarea id=\"wpforms-1168-field_1\" class=\"wpforms-field-medium wpforms-field-required\" name=\"wpforms[fields][1]\" required><\/textarea><\/div><div id=\"wpforms-1168-field_2-container\" class=\"wpforms-field wpforms-field-email\" data-field-id=\"2\"><label class=\"wpforms-field-label\" for=\"wpforms-1168-field_2\">E-mail <span class=\"wpforms-required-label\">*<\/span><\/label><input type=\"email\" id=\"wpforms-1168-field_2\" class=\"wpforms-field-medium wpforms-field-required\" name=\"wpforms[fields][2]\" spellcheck=\"false\" required><\/div><div id=\"wpforms-1168-field_3-container\" class=\"wpforms-field wpforms-field-name\" data-field-id=\"3\"><label class=\"wpforms-field-label\">First and Last Name <span class=\"wpforms-required-label\">*<\/span><\/label><div class=\"wpforms-field-row wpforms-field-medium\"><div class=\"wpforms-field-row-block wpforms-first wpforms-one-half\"><input type=\"text\" id=\"wpforms-1168-field_3\" class=\"wpforms-field-name-first wpforms-field-required\" name=\"wpforms[fields][3][first]\" required><label for=\"wpforms-1168-field_3\" class=\"wpforms-field-sublabel after\">First<\/label><\/div><div class=\"wpforms-field-row-block wpforms-one-half\"><input type=\"text\" id=\"wpforms-1168-field_3-last\" class=\"wpforms-field-name-last wpforms-field-required\" name=\"wpforms[fields][3][last]\" required><label for=\"wpforms-1168-field_3-last\" class=\"wpforms-field-sublabel after\">Last<\/label><\/div><\/div><\/div><div id=\"wpforms-1168-field_4-container\" class=\"wpforms-field wpforms-field-text\" data-field-id=\"4\"><label class=\"wpforms-field-label\" for=\"wpforms-1168-field_4\">Your company or institution name <span class=\"wpforms-required-label\">*<\/span><\/label><input type=\"text\" id=\"wpforms-1168-field_4\" class=\"wpforms-field-medium wpforms-field-required\" name=\"wpforms[fields][4]\" required><\/div><div id=\"wpforms-1168-field_5-container\" class=\"wpforms-field wpforms-field-radio\" data-field-id=\"5\"><label class=\"wpforms-field-label\">Is this your first request? <span class=\"wpforms-required-label\">*<\/span><\/label><ul id=\"wpforms-1168-field_5\" class=\"wpforms-field-required\"><li class=\"choice-1 depth-1\"><input type=\"radio\" id=\"wpforms-1168-field_5_1\" name=\"wpforms[fields][5]\" value=\"Oui\" required><label class=\"wpforms-field-label-inline\" for=\"wpforms-1168-field_5_1\">Yes<\/label><\/li><li class=\"choice-2 depth-1\"><input type=\"radio\" id=\"wpforms-1168-field_5_2\" name=\"wpforms[fields][5]\" value=\"Non\" required><label class=\"wpforms-field-label-inline\" for=\"wpforms-1168-field_5_2\">No<\/label><\/li><\/ul><\/div><div id=\"wpforms-1168-field_6-container\" class=\"wpforms-field wpforms-field-checkbox\" data-field-id=\"6\"><label class=\"wpforms-field-label\">What training course(s) are you interested in? <span class=\"wpforms-required-label\">*<\/span><\/label><ul id=\"wpforms-1168-field_6\" class=\"wpforms-field-required\"><li class=\"choice-1 depth-1\"><input type=\"checkbox\" id=\"wpforms-1168-field_6_1\" name=\"wpforms[fields][6][]\" value=\"Droits de l&#039;Enfant : Quels sont mes droits ? Comment dois-je les prot\u00e9ger ?\" required><label class=\"wpforms-field-label-inline\" for=\"wpforms-1168-field_6_1\">Child\u2019s rights: What are my rights? How should I protect them?<\/label><\/li><li class=\"choice-2 depth-1\"><input type=\"checkbox\" id=\"wpforms-1168-field_6_2\" name=\"wpforms[fields][6][]\" value=\"Explorer, Comprendre, Agir : La g\u00e9opolitique pour les citoyens de demain.\" required><label class=\"wpforms-field-label-inline\" for=\"wpforms-1168-field_6_2\">Discover, Understand, Act: Geopolitics for the citizens of tomorrow<\/label><\/li><li class=\"choice-3 depth-1\"><input type=\"checkbox\" id=\"wpforms-1168-field_6_3\" name=\"wpforms[fields][6][]\" value=\"Diplomatie en Action : La m\u00e9diation au service de la paix.\" required><label class=\"wpforms-field-label-inline\" for=\"wpforms-1168-field_6_3\">Diplomacy at Work: Mediation for peace<\/label><\/li><li class=\"choice-4 depth-1\"><input type=\"checkbox\" id=\"wpforms-1168-field_6_4\" name=\"wpforms[fields][6][]\" value=\"Les Droits Humains : Au travail comme dans la soci\u00e9t\u00e9\" required><label class=\"wpforms-field-label-inline\" for=\"wpforms-1168-field_6_4\">Human Rights: At work and in society<\/label><\/li><li class=\"choice-5 depth-1\"><input type=\"checkbox\" id=\"wpforms-1168-field_6_5\" name=\"wpforms[fields][6][]\" value=\"Autre (\u00e0 pr\u00e9ciser plus bas)\" required><label class=\"wpforms-field-label-inline\" for=\"wpforms-1168-field_6_5\">Other (please specify below)<\/label><\/li><\/ul><\/div><div id=\"wpforms-1168-field_8-container\" class=\"wpforms-field wpforms-field-checkbox\" data-field-id=\"8\"><label class=\"wpforms-field-label\">Who is participating in the training? <span class=\"wpforms-required-label\">*<\/span><\/label><ul id=\"wpforms-1168-field_8\" class=\"wpforms-field-required\"><li class=\"choice-1 depth-1\"><input type=\"checkbox\" id=\"wpforms-1168-field_8_1\" name=\"wpforms[fields][8][]\" value=\"Les professionnel(le)s\" required><label class=\"wpforms-field-label-inline\" for=\"wpforms-1168-field_8_1\">Professionals<\/label><\/li><li class=\"choice-2 depth-1\"><input type=\"checkbox\" id=\"wpforms-1168-field_8_2\" name=\"wpforms[fields][8][]\" value=\"Les entreprises\" required><label class=\"wpforms-field-label-inline\" for=\"wpforms-1168-field_8_2\">Companies<\/label><\/li><li class=\"choice-3 depth-1\"><input type=\"checkbox\" id=\"wpforms-1168-field_8_3\" name=\"wpforms[fields][8][]\" value=\"Les lyc\u00e9en(ne)s\" required><label class=\"wpforms-field-label-inline\" for=\"wpforms-1168-field_8_3\">Secondary school students<\/label><\/li><li class=\"choice-4 depth-1\"><input type=\"checkbox\" id=\"wpforms-1168-field_8_4\" name=\"wpforms[fields][8][]\" value=\"Les \u00e9tudiant(e)s universitaires\" required><label class=\"wpforms-field-label-inline\" for=\"wpforms-1168-field_8_4\">University students<\/label><\/li><li class=\"choice-5 depth-1\"><input type=\"checkbox\" id=\"wpforms-1168-field_8_5\" name=\"wpforms[fields][8][]\" value=\"Autre (\u00e0 pr\u00e9ciser plus bas)\" required><label class=\"wpforms-field-label-inline\" for=\"wpforms-1168-field_8_5\">Other (please specify below)<\/label><\/li><\/ul><\/div><div id=\"wpforms-1168-field_9-container\" class=\"wpforms-field wpforms-field-text\" data-field-id=\"9\"><label class=\"wpforms-field-label\" for=\"wpforms-1168-field_9\">On average, how many people will participate in the training? <span class=\"wpforms-required-label\">*<\/span><\/label><input type=\"text\" id=\"wpforms-1168-field_9\" class=\"wpforms-field-medium wpforms-field-required\" name=\"wpforms[fields][9]\" required><\/div>\t\t<div id=\"wpforms-1168-field_7-container\"\n\t\t\tclass=\"wpforms-field wpforms-field-text\"\n\t\t\tdata-field-type=\"text\"\n\t\t\tdata-field-id=\"7\"\n\t\t\t>\n\t\t\t<label class=\"wpforms-field-label\" for=\"wpforms-1168-field_7\" >Par cette aider<\/label>\n\t\t\t<input type=\"text\" id=\"wpforms-1168-field_7\" class=\"wpforms-field-medium\" name=\"wpforms[fields][7]\" >\n\t\t<\/div>\n\t\t<div id=\"wpforms-1168-field_10-container\" class=\"wpforms-field wpforms-field-radio\" data-field-id=\"10\"><label class=\"wpforms-field-label\">How many times do you expect to receive this traning? <span class=\"wpforms-required-label\">*<\/span><\/label><ul id=\"wpforms-1168-field_10\" class=\"wpforms-field-required\"><li class=\"choice-1 depth-1\"><input type=\"radio\" id=\"wpforms-1168-field_10_1\" name=\"wpforms[fields][10]\" value=\"Une fois\" required><label class=\"wpforms-field-label-inline\" for=\"wpforms-1168-field_10_1\">One time<\/label><\/li><li class=\"choice-2 depth-1\"><input type=\"radio\" id=\"wpforms-1168-field_10_2\" name=\"wpforms[fields][10]\" value=\"Deux fois\" required><label class=\"wpforms-field-label-inline\" for=\"wpforms-1168-field_10_2\">Two times<\/label><\/li><li class=\"choice-3 depth-1\"><input type=\"radio\" id=\"wpforms-1168-field_10_3\" name=\"wpforms[fields][10]\" value=\"Trois fois et plus\" required><label class=\"wpforms-field-label-inline\" for=\"wpforms-1168-field_10_3\">Three times and more<\/label><\/li><\/ul><\/div><div id=\"wpforms-1168-field_11-container\" class=\"wpforms-field wpforms-field-textarea\" data-field-id=\"11\"><label class=\"wpforms-field-label\" for=\"wpforms-1168-field_11\">Kindly share any additional information that you consider relevant to help us assess your request  <span class=\"wpforms-required-label\">*<\/span><\/label><textarea id=\"wpforms-1168-field_11\" class=\"wpforms-field-medium wpforms-field-required\" name=\"wpforms[fields][11]\" required><\/textarea><\/div><script>\n\t\t\t\t( function() {\n\t\t\t\t\tconst style = document.createElement( 'style' );\n\t\t\t\t\tstyle.appendChild( document.createTextNode( '#wpforms-1168-field_7-container { position: absolute !important; overflow: hidden !important; display: inline !important; height: 1px !important; width: 1px !important; z-index: -1000 !important; padding: 0 !important; } #wpforms-1168-field_7-container input { visibility: hidden; } #wpforms-conversational-form-page #wpforms-1168-field_7-container label { counter-increment: none; }' ) );\n\t\t\t\t\tdocument.head.appendChild( style );\n\t\t\t\t\tdocument.currentScript?.remove();\n\t\t\t\t} )();\n\t\t\t<\/script><\/div><!-- .wpforms-field-container --><div class=\"wpforms-submit-container\" ><input type=\"hidden\" name=\"wpforms[id]\" value=\"1168\"><input type=\"hidden\" name=\"page_title\" value=\"\"><input type=\"hidden\" name=\"page_url\" value=\"https:\/\/chehadealliance.com\/en\/wp-json\/wp\/v2\/pages\/1174\"><input type=\"hidden\" name=\"url_referer\" value=\"\"><button type=\"submit\" name=\"wpforms[submit]\" id=\"wpforms-submit-1168\" class=\"wpforms-submit\" data-alt-text=\"Formulaire en cours d&#039;envoi\" data-submit-text=\"Soumettre\" aria-live=\"assertive\" value=\"wpforms-submit\">Submit<\/button><img loading=\"lazy\" decoding=\"async\" src=\"https:\/\/chehadealliance.com\/wp-content\/plugins\/wpforms-lite\/assets\/images\/submit-spin.svg\" class=\"wpforms-submit-spinner\" style=\"display: none;\" width=\"26\" height=\"26\" alt=\"Loading\"><\/div><input type=\"hidden\" name=\"trp-form-language\" value=\"en\"\/><\/form><\/div>  <!-- .wpforms-container -->","protected":false},"excerpt":{"rendered":"<p>Veuillez, s&rsquo;il vous pla\u00eet, remplir ce formulaire avec toute information n\u00e9cessaire afin de vous r\u00e9pondre correctement \u00e0 vos attentes. Nous reviendrons vers vous par courriel&nbsp; (el.hoda.chehade@gmail.com) dans les plus brefs d\u00e9lais avec une offre comp\u00e9titive! N.B:&nbsp;La collecte d&rsquo;adresse \u00e9lectronique est seulement pour vous communiquer nos r\u00e9ponses.&nbsp;<\/p>","protected":false},"author":1,"featured_media":1163,"parent":0,"menu_order":0,"comment_status":"closed","ping_status":"closed","template":"","meta":{"_uag_custom_page_level_css":"","site-sidebar-layout":"default","site-content-layout":"","ast-site-content-layout":"default","site-content-style":"default","site-sidebar-style":"default","ast-global-header-display":"","ast-banner-title-visibility":"","ast-main-header-display":"","ast-hfb-above-header-display":"","ast-hfb-below-header-display":"","ast-hfb-mobile-header-display":"","site-post-title":"","ast-breadcrumbs-content":"","ast-featured-img":"","footer-sml-layout":"","theme-transparent-header-meta":"","adv-header-id-meta":"","stick-header-meta":"","header-above-stick-meta":"","header-main-stick-meta":"","header-below-stick-meta":"","astra-migrate-meta-layouts":"set","ast-page-background-enabled":"default","ast-page-background-meta":{"desktop":{"background-color":"var(--ast-global-color-4)","background-image":"","background-repeat":"repeat","background-position":"center center","background-size":"auto","background-attachment":"scroll","background-type":"","background-media":"","overlay-type":"","overlay-color":"","overlay-opacity":"","overlay-gradient":""},"tablet":{"background-color":"","background-image":"","background-repeat":"repeat","background-position":"center center","background-size":"auto","background-attachment":"scroll","background-type":"","background-media":"","overlay-type":"","overlay-color":"","overlay-opacity":"","overlay-gradient":""},"mobile":{"background-color":"","background-image":"","background-repeat":"repeat","background-position":"center center","background-size":"auto","background-attachment":"scroll","background-type":"","background-media":"","overlay-type":"","overlay-color":"","overlay-opacity":"","overlay-gradient":""}},"ast-content-background-meta":{"desktop":{"background-color":"var(--ast-global-color-5)","background-image":"","background-repeat":"repeat","background-position":"center center","background-size":"auto","background-attachment":"scroll","background-type":"","background-media":"","overlay-type":"","overlay-color":"","overlay-opacity":"","overlay-gradient":""},"tablet":{"background-color":"var(--ast-global-color-5)","background-image":"","background-repeat":"repeat","background-position":"center center","background-size":"auto","background-attachment":"scroll","background-type":"","background-media":"","overlay-type":"","overlay-color":"","overlay-opacity":"","overlay-gradient":""},"mobile":{"background-color":"var(--ast-global-color-5)","background-image":"","background-repeat":"repeat","background-position":"center center","background-size":"auto","background-attachment":"scroll","background-type":"","background-media":"","overlay-type":"","overlay-color":"","overlay-opacity":"","overlay-gradient":""}},"footnotes":""},"class_list":["post-1174","page","type-page","status-publish","has-post-thumbnail","hentry"],"uagb_featured_image_src":{"full":["https:\/\/chehadealliance.com\/wp-content\/uploads\/2025\/08\/hans-peter-gauster-3y1zF4hIPCg-unsplash-scaled.jpg",2560,1710,false],"thumbnail":["https:\/\/chehadealliance.com\/wp-content\/uploads\/2025\/08\/hans-peter-gauster-3y1zF4hIPCg-unsplash-150x150.jpg",150,150,true],"medium":["https:\/\/chehadealliance.com\/wp-content\/uploads\/2025\/08\/hans-peter-gauster-3y1zF4hIPCg-unsplash-300x200.jpg",300,200,true],"medium_large":["https:\/\/chehadealliance.com\/wp-content\/uploads\/2025\/08\/hans-peter-gauster-3y1zF4hIPCg-unsplash-768x513.jpg",768,513,true],"large":["https:\/\/chehadealliance.com\/wp-content\/uploads\/2025\/08\/hans-peter-gauster-3y1zF4hIPCg-unsplash-1024x684.jpg",1024,684,true],"1536x1536":["https:\/\/chehadealliance.com\/wp-content\/uploads\/2025\/08\/hans-peter-gauster-3y1zF4hIPCg-unsplash-1536x1026.jpg",1536,1026,true],"2048x2048":["https:\/\/chehadealliance.com\/wp-content\/uploads\/2025\/08\/hans-peter-gauster-3y1zF4hIPCg-unsplash-2048x1368.jpg",2048,1368,true],"trp-custom-language-flag":["https:\/\/chehadealliance.com\/wp-content\/uploads\/2025\/08\/hans-peter-gauster-3y1zF4hIPCg-unsplash-18x12.jpg",18,12,true]},"uagb_author_info":{"display_name":"El Hoda Chehade","author_link":"https:\/\/chehadealliance.com\/en\/author\/el-hoda-chehadegmail-com\/"},"uagb_comment_info":0,"uagb_excerpt":"Veuillez, s&rsquo;il vous pla\u00eet, remplir ce formulaire avec toute information n\u00e9cessaire afin de vous r\u00e9pondre correctement \u00e0 vos attentes. Nous reviendrons vers vous par courriel&nbsp; (el.hoda.chehade@gmail.com) dans les plus brefs d\u00e9lais avec une offre comp\u00e9titive! N.B:&nbsp;La collecte d&rsquo;adresse \u00e9lectronique est seulement pour vous communiquer nos r\u00e9ponses.&nbsp;","_links":{"self":[{"href":"https:\/\/chehadealliance.com\/en\/wp-json\/wp\/v2\/pages\/1174","targetHints":{"allow":["GET"]}}],"collection":[{"href":"https:\/\/chehadealliance.com\/en\/wp-json\/wp\/v2\/pages"}],"about":[{"href":"https:\/\/chehadealliance.com\/en\/wp-json\/wp\/v2\/types\/page"}],"author":[{"embeddable":true,"href":"https:\/\/chehadealliance.com\/en\/wp-json\/wp\/v2\/users\/1"}],"replies":[{"embeddable":true,"href":"https:\/\/chehadealliance.com\/en\/wp-json\/wp\/v2\/comments?post=1174"}],"version-history":[{"count":1,"href":"https:\/\/chehadealliance.com\/en\/wp-json\/wp\/v2\/pages\/1174\/revisions"}],"predecessor-version":[{"id":1175,"href":"https:\/\/chehadealliance.com\/en\/wp-json\/wp\/v2\/pages\/1174\/revisions\/1175"}],"wp:featuredmedia":[{"embeddable":true,"href":"https:\/\/chehadealliance.com\/en\/wp-json\/wp\/v2\/media\/1163"}],"wp:attachment":[{"href":"https:\/\/chehadealliance.com\/en\/wp-json\/wp\/v2\/media?parent=1174"}],"curies":[{"name":"wp","href":"https:\/\/api.w.org\/{rel}","templated":true}]}}